{"id":29,"date":"2022-02-22T11:26:01","date_gmt":"2022-02-22T11:26:01","guid":{"rendered":"http:\/\/pbpz.sistem42.com\/?page_id=29"},"modified":"2022-03-22T12:19:38","modified_gmt":"2022-03-22T12:19:38","slug":"location","status":"publish","type":"page","link":"https:\/\/www.pbpz.hr\/en\/location\/","title":{"rendered":"Location"},"content":{"rendered":"<p>Primosten Burni located in central Dalmatia near Sibenik. Primosten Burni borders with GREBA\u0160TICA, southern Primo\u0161ten, Primo\u0161ten and Zlarinskim akvatorijem.<\/p>\n<p>Primosten Burni largely mountainous region with fifteen hills, with two large karst fields (Prhovskim and Tribe\u0161kim), and developed coastline in front of which are two islands, Tmara and Krbela and huge seas Adriatic up to Italy.<\/p>\n<p>The center of Primosten Burni is the hamlet Draga. Near Drage is eternal water Bojana, origin from which the thirsty karst flourished comradely life.<\/p>\n<p>It is healthy living, healthy food, to enjoy the summer breeze in untouched rural architecture with views of vineyards, sun-drenched hills and blue sky, sea and sky.<\/p>\n<p>\u201cEverything in this area is growing has its value,\u201d \u2013 says the manager of the Association Bla\u017e Jurin.<\/p>\n","protected":false},"excerpt":{"rendered":"<p>Primosten Burni located in central Dalmatia near Sibenik. Primosten Burni borders with GREBA\u0160TICA, southern Primo\u0161ten, Primo\u0161ten and Zlarinskim akvatorijem. Primosten Burni largely mountainous region with fifteen hills, with two large karst fields (Prhovskim and Tribe\u0161kim), and developed coastline in front &hellip; <a href=\"https:\/\/www.pbpz.hr\/en\/location\/\">Continue reading <span class=\"meta-nav\">&rarr;<\/span><\/a><\/p>\n","protected":false},"author":1,"featured_media":0,"parent":0,"menu_order":0,"comment_status":"closed","ping_status":"closed","template":"onecolumn-page.php","meta":{"footnotes":""},"class_list":["post-29","page","type-page","status-publish","hentry"],"_links":{"self":[{"href":"https:\/\/www.pbpz.hr\/en\/wp-json\/wp\/v2\/pages\/29","targetHints":{"allow":["GET"]}}],"collection":[{"href":"https:\/\/www.pbpz.hr\/en\/wp-json\/wp\/v2\/pages"}],"about":[{"href":"https:\/\/www.pbpz.hr\/en\/wp-json\/wp\/v2\/types\/page"}],"author":[{"embeddable":true,"href":"https:\/\/www.pbpz.hr\/en\/wp-json\/wp\/v2\/users\/1"}],"replies":[{"embeddable":true,"href":"https:\/\/www.pbpz.hr\/en\/wp-json\/wp\/v2\/comments?post=29"}],"version-history":[{"count":5,"href":"https:\/\/www.pbpz.hr\/en\/wp-json\/wp\/v2\/pages\/29\/revisions"}],"predecessor-version":[{"id":159,"href":"https:\/\/www.pbpz.hr\/en\/wp-json\/wp\/v2\/pages\/29\/revisions\/159"}],"wp:attachment":[{"href":"https:\/\/www.pbpz.hr\/en\/wp-json\/wp\/v2\/media?parent=29"}],"curies":[{"name":"wp","href":"https:\/\/api.w.org\/{rel}","templated":true}]}}